{"id":11,"date":"2015-08-12T13:39:25","date_gmt":"2015-08-12T12:39:25","guid":{"rendered":"https:\/\/www.ile-aux-jeux.com\/?page_id=11"},"modified":"2023-08-06T14:40:26","modified_gmt":"2023-08-06T13:40:26","slug":"le-parc-les-sables-olonne","status":"publish","type":"page","link":"https:\/\/www.ile-aux-jeux.com\/index.php\/le-parc-les-sables-olonne\/","title":{"rendered":"Le parc (Les Sables d&rsquo;Olonne)"},"content":{"rendered":"\t\t<div data-elementor-type=\"wp-page\" data-elementor-id=\"11\" class=\"elementor elementor-11\">\n\t\t\t\t\t\t<section class=\"elementor-section elementor-top-section elementor-element elementor-element-6052683a elementor-section-boxed elementor-section-height-default elementor-section-height-default\" data-id=\"6052683a\" data-element_type=\"section\" data-e-type=\"section\">\n\t\t\t\t\t\t<div class=\"elementor-container elementor-column-gap-default\">\n\t\t\t\t\t<div class=\"elementor-column elementor-col-100 elementor-top-column elementor-element elementor-element-42ccb33d\" data-id=\"42ccb33d\" data-element_type=\"column\" data-e-type=\"column\">\n\t\t\t<div class=\"elementor-widget-wrap elementor-element-populated\">\n\t\t\t\t\t\t<div class=\"elementor-element elementor-element-7a3bce7e elementor-invisible elementor-widget elementor-widget-text-editor\" data-id=\"7a3bce7e\" data-element_type=\"widget\" data-e-type=\"widget\" data-settings=\"{&quot;_animation&quot;:&quot;rollIn&quot;}\" data-widget_type=\"text-editor.default\">\n\t\t\t\t<div class=\"elementor-widget-container\">\n\t\t\t\t\t\t\t\t\t<h2>L\u2019ILE AUX JEUX LES SABLES D&rsquo;OLONNE<\/h2><div id=\"metaslider-id-1330\" style=\"max-width: 990px;\" class=\"ml-slider-3-108-0 ml-slider-pro-2-56-0 metaslider metaslider-flex metaslider-1330 ml-slider has-dots-nav ms-theme-default\" role=\"region\" aria-label=\"Les Sables d\u2019Olonne\" data-height=\"400\" data-width=\"990\">\n    <div id=\"metaslider_container_1330\">\n        <div id=\"metaslider_1330\">\n            <ul class='slides'>\n                <li class=\"slide-1766 ms-youtube \" style=\"display: block; width: 100%;\" data-slide-type=\"youtube\" data-date=\"2020-02-09 17:29:12\" data-filename=\"youtube_Bq2ApDvSg2k.jpg\"><div style=\"position:relative;padding-bottom:40.40404040404%;height:0\" class=\"youtube\" data-id=\"Bq2ApDvSg2k\" data-start=\"0\" data-auto-play=\"1\" data-mute=\"1\" data-show-controls=\"1\" data-show-related=\"0\" data-theme=\"dark\" data-color=\"red\" data-lazy-load=\"1\"><img fetchpriority=\"high\" decoding=\"async\" src=\"https:\/\/www.ile-aux-jeux.com\/wp-content\/uploads\/2020\/02\/youtube_Bq2ApDvSg2k-480x193.jpg\" alt=\"Un nouveau parc ?! \ud83d\ude31 Bienvenue \u00e0 L&#039;Ile Aux Jeux aux Sables d&#039;Olonne !\" class=\"msDefaultImage\" height=\"400\" width=\"990\" \/><span class='play_button'><a tabindex='0' role='button' id='toggle'><img width='75' src='https:\/\/www.ile-aux-jeux.com\/wp-content\/plugins\/ml-slider-pro\/modules\/youtube\/assets\/yt-play-red.png'><\/a><\/span><\/div><\/li>\n            <\/ul>\n        <\/div>\n        \n    <\/div>\n<\/div><p><span style=\"color: #0000ff;\"><strong>Parc de loisirs couvert pour enfants pour jouer tout le temps par tous les temps !<\/strong><\/span><\/p><p><span style=\"color: #0000ff;\">L&rsquo;ile aux Jeux Les Sables d&rsquo;Olonne c&rsquo;est 800 m\u00b2 de plaisir ouvert toute l&rsquo;ann\u00e9e avec des jeux gonflables, structures tubulaires, trampolines, piscines \u00e0 balles, espace pour les tout-petits, tricycles, jeu de briques, pistes de patinettes, espace bar, baby-foot, WIFI gratuit, snack sur place avec pichets de sirop, bouteille d&rsquo;eau et sodas, gaufres, paquets de g\u00e2teaux, barres chocolat\u00e9es, sachets de bonbons etc&#8230;<\/span><\/p><p><img decoding=\"async\" class=\"alignnone wp-image-1824 size-medium\" src=\"https:\/\/www.ile-aux-jeux.com\/wp-content\/uploads\/2020\/03\/DSC_0226-300x201.jpg\" alt=\"\" width=\"300\" height=\"201\" srcset=\"https:\/\/www.ile-aux-jeux.com\/wp-content\/uploads\/2020\/03\/DSC_0226-300x201.jpg 300w, https:\/\/www.ile-aux-jeux.com\/wp-content\/uploads\/2020\/03\/DSC_0226-768x514.jpg 768w, https:\/\/www.ile-aux-jeux.com\/wp-content\/uploads\/2020\/03\/DSC_0226-1024x685.jpg 1024w\" sizes=\"(max-width: 300px) 100vw, 300px\" \/> <img decoding=\"async\" class=\"alignnone wp-image-1818\" src=\"https:\/\/www.ile-aux-jeux.com\/wp-content\/uploads\/2020\/02\/83193538_586270598820939_3766043426412298240_n-1-300x251.jpg\" alt=\"\" width=\"240\" height=\"201\" srcset=\"https:\/\/www.ile-aux-jeux.com\/wp-content\/uploads\/2020\/02\/83193538_586270598820939_3766043426412298240_n-1-300x251.jpg 300w, https:\/\/www.ile-aux-jeux.com\/wp-content\/uploads\/2020\/02\/83193538_586270598820939_3766043426412298240_n-1-768x644.jpg 768w, https:\/\/www.ile-aux-jeux.com\/wp-content\/uploads\/2020\/02\/83193538_586270598820939_3766043426412298240_n-1.jpg 940w\" sizes=\"(max-width: 240px) 100vw, 240px\" \/> <img loading=\"lazy\" decoding=\"async\" class=\"alignnone size-medium wp-image-1819\" src=\"https:\/\/www.ile-aux-jeux.com\/wp-content\/uploads\/2020\/02\/67294461_456865898428077_818148388934516736_o-300x201.jpg\" alt=\"\" width=\"300\" height=\"201\" srcset=\"https:\/\/www.ile-aux-jeux.com\/wp-content\/uploads\/2020\/02\/67294461_456865898428077_818148388934516736_o-300x201.jpg 300w, https:\/\/www.ile-aux-jeux.com\/wp-content\/uploads\/2020\/02\/67294461_456865898428077_818148388934516736_o-768x514.jpg 768w, https:\/\/www.ile-aux-jeux.com\/wp-content\/uploads\/2020\/02\/67294461_456865898428077_818148388934516736_o-1024x685.jpg 1024w, https:\/\/www.ile-aux-jeux.com\/wp-content\/uploads\/2020\/02\/67294461_456865898428077_818148388934516736_o.jpg 1936w\" sizes=\"(max-width: 300px) 100vw, 300px\" \/><\/p><p><strong>D\u00e9couvrez L&rsquo;ile aux Jeux, une marque vend\u00e9enne et une entreprise familiale incontournable !<\/strong><\/p><p><strong>En 2006<\/strong>, le tout premier parc L&rsquo;Ile aux Jeux voit le jour \u00e0 Saint-Hilaire. Ce parc en plein air s&rsquo;\u00e9tend sur 3 hectares de verdure et propose une vari\u00e9t\u00e9 d&rsquo;activit\u00e9s telles que karting, tyrolienne, balan\u00e7oires, structures gonflables, \u00e9chasses, promenades \u00e0 poney, canon \u00e0 balles, et bien plus encore. C\u2019est l\u2019ann\u00e9e ou <span style=\"color: #ff0000;\"><strong>Teiki<\/strong><\/span> a vu le jour, le singe en peluche et mascotte embl\u00e9matique du parc qui rend les anniversaires encore plus m\u00e9morables.<\/p><p><strong>En 2008<\/strong>, c&rsquo;est au tour de <strong><span style=\"color: #ff0000;\">L&rsquo;Ile aux Jeux Challans<\/span><\/strong> d&rsquo;ouvrir ses portes. Contrairement \u00e0 Saint-Hilaire, ce parc est enti\u00e8rement couvert, offrant un espace de divertissement adapt\u00e9 \u00e0 toutes les conditions m\u00e9t\u00e9orologiques. Vous y trouverez des activit\u00e9s comme les structures gonflables, trampolines, toboggans, tapis d&rsquo;\u00e9veil pour les tout-petits, piste de patinettes, et un espace bar et snack pour vous rafra\u00eechir et vous restaurer. Profitez \u00e9galement du wifi gratuit pour rester connect\u00e9.<\/p><p><strong>L&rsquo;ann\u00e9e 2009<\/strong> marque la fermeture du parc de Saint-Hilaire, qui \u00e9tait vuln\u00e9rable aux caprices du temps.<\/p><p><strong>En 2010<\/strong>, <strong><span style=\"color: #ff0000;\">L\u2019Ile aux Jeux Cholet<\/span><\/strong> fait son apparition avec un parc couvert de 1000m\u00b2. Vous y trouvez des activit\u00e9s pour tous les \u00e2ges, telles que structures tubulaires, gonflables, tables de ping-pong, salle de danse avec musique entra\u00eenante, brumisation pour se rafra\u00eechir, trampolines, tapis d&rsquo;\u00e9veil, briques en carton pour les plus cr\u00e9atifs, et bien plus encore.<\/p><p><strong>En 2013<\/strong>, <strong><span style=\"color: #ff0000;\">L\u2019Ile aux Jeux Les Herbiers<\/span><\/strong> devient le premier parc franchis\u00e9 de la marque. Ce parc couvert propose 800 m\u00b2 d&rsquo;amusement avec des jeux gonflables, trampolines, structures tubulaires, baby-foot, \u00e9chasses, course en sac, et un espace bar et snack pour une pause gourmande. Malheureusement, ce parc ferme ses portes en 2019 en raison de la reconversion professionnelle du franchis\u00e9.<\/p><p><strong>En 2018<\/strong>, la communication de L&rsquo;Ile aux Jeux est confi\u00e9e \u00e0 Com&rsquo; une grande, qui lance les premi\u00e8res publicit\u00e9s sur les r\u00e9seaux sociaux. En 2020, trois films publicitaires sont r\u00e9alis\u00e9s dans les diff\u00e9rents parcs afin de partager la magie de l&rsquo;exp\u00e9rience L&rsquo;Ile aux Jeux avec le monde entier.<\/p><p><strong>En 2019<\/strong>, <span style=\"color: #ff0000;\"><strong>L&rsquo;Ile aux Jeux Les Sables<\/strong> <strong>d&rsquo;Olonne<\/strong><\/span> ouvre ses portes en offrant 800 m\u00b2 de plaisir climatis\u00e9 toute l&rsquo;ann\u00e9e. Les attractions incluent une piste de patinette, des structures gonflables, un espace de jeux tubulaire, une salle de foot, une piscine \u00e0 balles, un espace pour les tout-petits, un baby-foot, et un espace bar et snack pour se d\u00e9tendre. Vous pourrez \u00e9galement profiter du confort du wifi gratuit, des jeux de soci\u00e9t\u00e9, et des magazines pour vous divertir davantage.<\/p><p><strong>En 2020<\/strong>, tous les parcs L\u2019Ile aux Jeux sont contraints de fermer pendant 9 mois en raison de la pand\u00e9mie, mais en juin 2021, ils rouvrent leurs portes pour le plus grand bonheur des petits et grands enfants..<\/p><p><strong>En septembre de la m\u00eame ann\u00e9e<\/strong>, le parc <strong><span style=\"color: #ff0000;\">L&rsquo;Ile aux Jeux Cholet<\/span><\/strong> est vendu apr\u00e8s 11 ann\u00e9es de succ\u00e8s \u00e0 la S\u00e9guini\u00e8re. Mais pas de panique ! Notre jeune retrait\u00e9 vient souvent faire un coucou derri\u00e8re le comptoir de Challans et des Sables d&rsquo;Olonne, offrant aux enfants des moments de joie inoubliables.<\/p><p><span style=\"color: #ff0000;\"><strong>En 2023, L&rsquo;Ile aux Jeux ce sont deux parcs de loisirs incontournables en Pays de la Loire, pour s&rsquo;amuser tout le temps par tous les temps !<\/strong><\/span><\/p><p style=\"text-align: center;\"><span style=\"color: #0000ff;\"><strong>Dans la famille \u00e0 la retraite je demande <span style=\"color: #ff0000;\">le p\u00e8re <\/span>\u00a0! <\/strong><\/span><\/p><p style=\"text-align: center;\"><span style=\"color: #0000ff;\"><strong>A Challans je demande <span style=\"color: #ff0000;\">la m\u00e8re<\/span> ! <\/strong><\/span><\/p><p style=\"text-align: center;\"><span style=\"color: #0000ff;\"><strong>Aux Sables d&rsquo;Olonne je demande <span style=\"color: #ff0000;\">le fils<\/span> ! <\/strong><\/span><\/p><p style=\"text-align: center;\"><span style=\"color: #0000ff;\"><strong>Et \u00e0 la communication je demande <span style=\"color: #ff0000;\">la fille<\/span> !<\/strong><\/span><\/p>\t\t\t\t\t\t\t\t<\/div>\n\t\t\t\t<\/div>\n\t\t\t\t\t<\/div>\n\t\t<\/div>\n\t\t\t\t\t<\/div>\n\t\t<\/section>\n\t\t\t\t<section class=\"elementor-section elementor-top-section elementor-element elementor-element-d2b2cab elementor-section-boxed elementor-section-height-default elementor-section-height-default\" data-id=\"d2b2cab\" data-element_type=\"section\" data-e-type=\"section\">\n\t\t\t\t\t\t<div class=\"elementor-container elementor-column-gap-default\">\n\t\t\t\t\t<div class=\"elementor-column elementor-col-100 elementor-top-column elementor-element elementor-element-4f0a3ea\" data-id=\"4f0a3ea\" data-element_type=\"column\" data-e-type=\"column\">\n\t\t\t<div class=\"elementor-widget-wrap elementor-element-populated\">\n\t\t\t\t\t\t<div class=\"elementor-element elementor-element-6cefcbe elementor-widget elementor-widget-image\" data-id=\"6cefcbe\" data-element_type=\"widget\" data-e-type=\"widget\" data-widget_type=\"image.default\">\n\t\t\t\t<div class=\"elementor-widget-container\">\n\t\t\t\t\t\t\t\t\t\t\t\t\t\t\t<img loading=\"lazy\" decoding=\"async\" width=\"75\" height=\"80\" src=\"https:\/\/www.ile-aux-jeux.com\/wp-content\/uploads\/2020\/08\/anif_anime.gif\" class=\"attachment-large size-large wp-image-1971\" alt=\"\" \/>\t\t\t\t\t\t\t\t\t\t\t\t\t\t\t<\/div>\n\t\t\t\t<\/div>\n\t\t\t\t\t<\/div>\n\t\t<\/div>\n\t\t\t\t\t<\/div>\n\t\t<\/section>\n\t\t\t\t<\/div>\n\t\t","protected":false},"excerpt":{"rendered":"<p>L\u2019ILE AUX JEUX LES SABLES D&rsquo;OLONNE Parc de loisirs couvert pour enfants [&hellip;]<\/p>\n","protected":false},"author":1,"featured_media":0,"parent":0,"menu_order":0,"comment_status":"open","ping_status":"closed","template":"parc-herbiers-2col.php","meta":{"footnotes":""},"class_list":["post-11","page","type-page","status-publish","hentry"],"_links":{"self":[{"href":"https:\/\/www.ile-aux-jeux.com\/index.php\/wp-json\/wp\/v2\/pages\/11","targetHints":{"allow":["GET"]}}],"collection":[{"href":"https:\/\/www.ile-aux-jeux.com\/index.php\/wp-json\/wp\/v2\/pages"}],"about":[{"href":"https:\/\/www.ile-aux-jeux.com\/index.php\/wp-json\/wp\/v2\/types\/page"}],"author":[{"embeddable":true,"href":"https:\/\/www.ile-aux-jeux.com\/index.php\/wp-json\/wp\/v2\/users\/1"}],"replies":[{"embeddable":true,"href":"https:\/\/www.ile-aux-jeux.com\/index.php\/wp-json\/wp\/v2\/comments?post=11"}],"version-history":[{"count":33,"href":"https:\/\/www.ile-aux-jeux.com\/index.php\/wp-json\/wp\/v2\/pages\/11\/revisions"}],"predecessor-version":[{"id":3539,"href":"https:\/\/www.ile-aux-jeux.com\/index.php\/wp-json\/wp\/v2\/pages\/11\/revisions\/3539"}],"wp:attachment":[{"href":"https:\/\/www.ile-aux-jeux.com\/index.php\/wp-json\/wp\/v2\/media?parent=11"}],"curies":[{"name":"wp","href":"https:\/\/api.w.org\/{rel}","templated":true}]}}