{"id":135,"date":"2015-08-14T15:56:17","date_gmt":"2015-08-14T14:56:17","guid":{"rendered":"https:\/\/www.ile-aux-jeux.com\/?page_id=135"},"modified":"2023-05-02T15:29:33","modified_gmt":"2023-05-02T14:29:33","slug":"mentions-legales","status":"publish","type":"page","link":"https:\/\/www.ile-aux-jeux.com\/index.php\/mentions-legales\/","title":{"rendered":"Mentions l\u00e9gales"},"content":{"rendered":"<h1>Mentions l\u00e9gales<\/h1>\n<h2>\u00c9diteur<\/h2>\n<p>M.Sauda Jean Jacques<br \/>\nL&rsquo;Ile aux Jeux<br \/>\n38\u00a0rue du Parc des Demoiselles<br \/>\n85160 SAINT JEAN DE MONTS<br \/>\nSIRET n\u00b0\u00a050138582700016<\/p>\n<h2>Conception et h\u00e9bergement<\/h2>\n<p>Espace Technologie<br \/>\nParc d\u2019activit\u00e9s Schweitzer<br \/>\n<span class=\"ui-provider bhn bho c d e f g h i j k l m n o p q r s t bhp bhq w x y z ab ac ae af ag ah ai aj ak\" dir=\"ltr\">Pole Activ&rsquo;Ocean 9 rue de bois foss\u00e9\u00a0<\/span>BP 147<br \/>\n85301 CHALLANS cedex<br \/>\nT\u00e9l. : 02 51 49 31 31 \u2013 Fax : 02 51 49 40 82<br \/>\nRCS 389 793 571 La Roche sur Yon<\/p>\n<p><strong>La responsabilit\u00e9<\/strong><br \/>\nL&rsquo;ILE AUX JEUX n\u2019est pas responsable d\u2019\u00e9ventuels virus qui appara\u00eetraient sur le site de l&rsquo;Ile aux Jeux, L&rsquo;Ile aux Jeux Challans, L&rsquo;Ile aux Jeux Cholet et L&rsquo;Ile aux Jeux les Sables d&rsquo;Olonne en d\u00e9pit des mesures de contr\u00f4le appliqu\u00e9es.<\/p>\n<h3><strong>Infographies et Photographies : <\/strong><\/h3>\n<p>\u00ab\u00a0La communication et l\u2019utilisation (reproduction-repr\u00e9sentation) des photographies sont soumises aux dispositions de la loi du 11 mars 1957 sur la propri\u00e9t\u00e9 artistique et aux dispositions du Code des Usages pour l\u2019utilisation des photographies dans la presse.\u00a0\u00bb<\/p>\n<h3><strong>Droits de reproduction <\/strong><\/h3>\n<p>Tous les droits sont r\u00e9serv\u00e9s, y compris pour les documents t\u00e9l\u00e9chargeables et les repr\u00e9sentations photographiques. La reproduction de tout ou partie de ce site, sur quelque support que ce soit, est formellement interdite sauf autorisation du responsable, sous peine d\u2019engager la responsabilit\u00e9 de l\u2019utilisateur. Les documents ne peuvent faire l\u2019objet de copies qu\u2019\u00e0 titre d\u2019information, la copie \u00e9tant r\u00e9serv\u00e9e au seul usage priv\u00e9. Pour toute demande de reproduction adressez-vous au responsable de L&rsquo;ILE AUX JEUX\u00a0en indiquant quelles parties vous voulez reproduire et l\u2019utilisation que vous souhaitez en faire.<\/p>\n<h3><strong>Donn\u00e9es personnelles <\/strong><\/h3>\n<p>Utilisation des adresses de courrier \u00e9lectronique collect\u00e9es sur le site : Aucune donn\u00e9e personnelle n\u2019est collect\u00e9e \u00e0 l\u2019insu des visiteurs. L&rsquo;ILE AUX JEUX\u00a0garantit la confidentialit\u00e9 des donn\u00e9es, qui ne sauraient en aucun cas \u00eatre c\u00e9d\u00e9es ou rendues accessibles \u00e0 aucune entit\u00e9 tierce.<\/p>\n<p>Le Client est inform\u00e9 des r\u00e9glementations concernant la communication marketing, la loi du 21 Juin 2014 pour la confiance dans l\u2019Economie Num\u00e9rique, la Loi Informatique et Libert\u00e9 du 06 Ao\u00fbt 2004 ainsi que du R\u00e8glement G\u00e9n\u00e9ral sur la Protection des Donn\u00e9es (RGPD\u00a0: n\u00b0 2016-679).<\/p>\n<p>Le pr\u00e9sent site permet la collecte de donn\u00e9es par l\u2019interm\u00e9diaire de formulaires accessibles aux visiteurs, dans les conditions d\u00e9crites ci-dessous :<\/p>\n<p><strong>Formulaire \u00ab Formulaire de contact \u00bb \u2013 donn\u00e9es collect\u00e9es : Nom, pr\u00e9nom, email, t\u00e9l\u00e9phone et texte du message ; finalit\u00e9s du traitement : communication ou demandes d\u2019information diverses.<\/strong><\/p>\n<p><strong>Formulaire \u00ab\u00a0s&rsquo;abonner aux bons plans\u00a0\u00bb &#8211; donn\u00e9es collect\u00e9es :\u00a0Nom, pr\u00e9nom, email, t\u00e9l\u00e9phone, code postal, ville,\u00a0Pr\u00e9noms et dates de naissance de vos enfants et texte du message ; finalit\u00e9s du traitement : communication par la lettre d&rsquo;informations.<\/strong><\/p>\n<p><strong>Formulaire de d\u00e9p\u00f4t d&rsquo;annonces \u00ab\u00a0le petit coin de teiki\u00a0\u00bb &#8211; donn\u00e9es collect\u00e9es :\u00a0Nom, pr\u00e9nom, email, t\u00e9l\u00e9phone, code postal, ville, et texte de l&rsquo;annonce, accord pour publication d&rsquo;informations de contact, accord pour inscription \u00e0 la lettre d&rsquo;informations ; finalit\u00e9s du traitement : communication et publication de petites annonces sur le site.<\/strong><\/p>\n<p><strong>Formulaire \u00ab\u00a0R\u00e9servation anniversaire\u00a0\u00bb &#8211; donn\u00e9es collect\u00e9es :\u00a0Nom, pr\u00e9nom, email, t\u00e9l\u00e9phone mobile, t\u00e9l\u00e9phone fixe, code postal, ville, mot de passe,date de naissance de l&rsquo;enfant, age \u00e0 souhaiter, nombres d&rsquo;enfants invit\u00e9s, date et heure d&rsquo;arriv\u00e9e,\u00a0 ; finalit\u00e9s du traitement : communication et publication de petites annonces sur le site.<\/strong><\/p>\n<p>Par ailleurs, les donn\u00e9es suivantes sont collect\u00e9es automatiquement du fait de vos actions sur le site : Adresse IP source, URL de la page visit\u00e9e, temps de consultation, date et heure de la visite. Ces donn\u00e9es sont exploit\u00e9es uniquement aux fins de statistiques.<\/p>\n<p>Les donn\u00e9es collect\u00e9es sont celles qui sont strictement n\u00e9cessaires \u00e0 la finalit\u00e9 du traitement. Elles sont transmises imm\u00e9diatement par messagerie \u00e9lectronique et ne sont pas conserv\u00e9es sur le site.<\/p>\n<p>L\u2019utilisateur est inform\u00e9 qu\u2019il est pleinement responsable des donn\u00e9es qu\u2019il communique volontairement sur le pr\u00e9sent site. Notamment, que les donn\u00e9es soumises ne doivent pas inclure de donn\u00e9es personnelles sensibles telles que : mots de passe, identifiants gouvernementaux (comme les num\u00e9ros de s\u00e9curit\u00e9 sociale, de permis de conduire, ou les num\u00e9ros d\u2019identification de contribuable), num\u00e9ros de carte de cr\u00e9dit ou de compte bancaire, informations m\u00e9dicales, informations biom\u00e9triques, opinions politiques ou religieuses, orientation sexuelle, donn\u00e9es sur des condamnations.<br \/>\nEn soumettant des donn\u00e9es au travers des diff\u00e9rents formulaires de contacts, vous reconnaissez en avoir compris les finalit\u00e9s et consentir \u00e0 leur traitement dans les conditions sp\u00e9cifi\u00e9es ci-dessus.<\/p>\n<p><strong>Protection des donn\u00e9es \u00e0 caract\u00e8re personnel<\/strong><br \/>\nConform\u00e9ment au R\u00e8glement G\u00e9n\u00e9ral sur la Protection des Donn\u00e9es (RGPD), vous disposez d\u2019un droit d\u2019opposition, d\u2019un droit d\u2019acc\u00e8s, de modification et de suppression des donn\u00e9es \u00e0 caract\u00e8re personnel qui vous concernent. Pour l\u2019exercice de ces droits, contacter L&rsquo;ILE AUX JEUX via le formulaire <strong>\u00ab Formulaire de contact \u00bb.<\/strong><br \/>\nL&rsquo;ILE AUX JEUX s\u2019engage en outre \u00e0 prendre toutes pr\u00e9cautions utiles afin de prot\u00e9ger les donn\u00e9es \u00e0 caract\u00e8re personnel trait\u00e9es par ses services, compte tenu de l\u2019\u00e9tat de l\u2019art et de la sensibilit\u00e9 des donn\u00e9es collect\u00e9es, et notamment :<br \/>\n\u2013 D\u2019interdire que ces donn\u00e9es soient utilis\u00e9es ou r\u00e9utilis\u00e9es en dehors des finalit\u00e9s expos\u00e9es ci-dessus,<br \/>\n\u2013 D\u2019emp\u00eacher qu\u2019elles ne soient d\u00e9form\u00e9es, endommag\u00e9es ou divulgu\u00e9es \u00e0 des tiers.<\/p>\n<h3><strong>Droit d\u2019acc\u00e8s, de modification et de suppression <\/strong><\/h3>\n<p>Vous disposez, conform\u00e9ment \u00e0 l\u2019article 34 de la loi \u00ab\u00a0Informatique et Libert\u00e9s\u00a0\u00bb du 6 janvier 1978, d\u2019un droit d\u2019acc\u00e8s, de rectification, de modification et de suppression concernant les donn\u00e9es qui vous concernent. Vous pouvez exercer ce droit en nous contactant par courrier \u00e9lectronique ou par courrier postal (voir la rubrique CONTACT).<\/p>\n<h3><strong>Affichage <\/strong><\/h3>\n<p>Ce site est optimis\u00e9 pour un affichage en 1920\u00d71080.<br \/>\nIl est pr\u00e9vu pour les principaux navigateurs Microsoft Internet Explorer 10 (et au-dessus), Google Chrome et Mozilla Firefox.<\/p>\n","protected":false},"excerpt":{"rendered":"<p>Mentions l\u00e9gales \u00c9diteur M.Sauda Jean Jacques L&rsquo;Ile aux Jeux 38\u00a0rue du Parc [&hellip;]<\/p>\n","protected":false},"author":1,"featured_media":0,"parent":0,"menu_order":0,"comment_status":"open","ping_status":"open","template":"","meta":{"footnotes":""},"class_list":["post-135","page","type-page","status-publish","hentry"],"_links":{"self":[{"href":"https:\/\/www.ile-aux-jeux.com\/index.php\/wp-json\/wp\/v2\/pages\/135","targetHints":{"allow":["GET"]}}],"collection":[{"href":"https:\/\/www.ile-aux-jeux.com\/index.php\/wp-json\/wp\/v2\/pages"}],"about":[{"href":"https:\/\/www.ile-aux-jeux.com\/index.php\/wp-json\/wp\/v2\/types\/page"}],"author":[{"embeddable":true,"href":"https:\/\/www.ile-aux-jeux.com\/index.php\/wp-json\/wp\/v2\/users\/1"}],"replies":[{"embeddable":true,"href":"https:\/\/www.ile-aux-jeux.com\/index.php\/wp-json\/wp\/v2\/comments?post=135"}],"version-history":[{"count":13,"href":"https:\/\/www.ile-aux-jeux.com\/index.php\/wp-json\/wp\/v2\/pages\/135\/revisions"}],"predecessor-version":[{"id":3496,"href":"https:\/\/www.ile-aux-jeux.com\/index.php\/wp-json\/wp\/v2\/pages\/135\/revisions\/3496"}],"wp:attachment":[{"href":"https:\/\/www.ile-aux-jeux.com\/index.php\/wp-json\/wp\/v2\/media?parent=135"}],"curies":[{"name":"wp","href":"https:\/\/api.w.org\/{rel}","templated":true}]}}