{"id":19,"date":"2015-08-12T13:41:48","date_gmt":"2015-08-12T12:41:48","guid":{"rendered":"https:\/\/www.ile-aux-jeux.com\/?page_id=19"},"modified":"2025-11-04T13:21:58","modified_gmt":"2025-11-04T12:21:58","slug":"tarifs-resa-les-sables-olonne","status":"publish","type":"page","link":"https:\/\/www.ile-aux-jeux.com\/index.php\/tarifs-resa-les-sables-olonne\/","title":{"rendered":"Tarifs &#038; R\u00e9sa (Les Sables)"},"content":{"rendered":"\t\t<div data-elementor-type=\"wp-page\" data-elementor-id=\"19\" class=\"elementor elementor-19\">\n\t\t\t\t\t\t<section class=\"elementor-section elementor-top-section elementor-element elementor-element-1a14090f elementor-section-boxed elementor-section-height-default elementor-section-height-default\" data-id=\"1a14090f\" data-element_type=\"section\" data-e-type=\"section\">\n\t\t\t\t\t\t<div class=\"elementor-container elementor-column-gap-default\">\n\t\t\t\t\t<div class=\"elementor-column elementor-col-100 elementor-top-column elementor-element elementor-element-28fcb7e2\" data-id=\"28fcb7e2\" data-element_type=\"column\" data-e-type=\"column\">\n\t\t\t<div class=\"elementor-widget-wrap elementor-element-populated\">\n\t\t\t\t\t\t<div class=\"elementor-element elementor-element-6638d9ec elementor-widget elementor-widget-text-editor\" data-id=\"6638d9ec\" data-element_type=\"widget\" data-e-type=\"widget\" data-widget_type=\"text-editor.default\">\n\t\t\t\t<div class=\"elementor-widget-container\">\n\t\t\t\t\t\t\t\t\t<h2><img decoding=\"async\" class=\"alignnone size-full wp-image-315\" src=\"https:\/\/www.ile-aux-jeux.com\/wp-content\/uploads\/2015\/08\/tarifs-resa.png\" alt=\"tarifs-resa\" width=\"260\" height=\"93\" \/><\/h2><div class='encarttarif'><span style=\"text-decoration: underline; color: #ff0000;\"><strong>PAR ENFANT<\/strong><\/span><\/p><p><span style=\"color: #0000ff;\">&#8211; Entr\u00e9e matin\u00e9e : 7,50 \u20ac<\/span><\/p><p><span style=\"color: #0000ff;\">&#8211; Entr\u00e9e apr\u00e8s-midi : 9,50 \u20ac<\/span><\/p><p><span style=\"color: #0000ff;\"> &#8211; Entr\u00e9e 1 heure : 7,50 \u20ac<\/span><\/p><p><span style=\"color: #0000ff;\">&#8211; Entr\u00e9e<\/span><span style=\"color: #0000ff;\">\u00a0enfant non marcheur allant dans les jeux : 2\u20ac<\/span><\/div><div class='encarttarif'><span style=\"text-decoration: underline; color: #ff0000;\"><strong>CARTE 10 ENTREES<\/strong><\/span><br \/><span style=\"color: #0000ff;\"><span style=\"color: #0000ff;\">&#8211; Matin\u00e9e : 65 \u20ac<\/span><\/span><\/p><p><span style=\"color: #0000ff;\"><span style=\"color: #0000ff;\">&#8211; Apr\u00e8s-midi : 85 \u20ac<\/span><\/span><\/p><p><span style=\"color: #0000ff;\"><span style=\"color: #0000ff;\">&#8211; Ass Mat matin: 35\u20ac<\/span><\/span><br \/><\/div><div class='encarttarif'><span style=\"text-decoration: underline; color: #ff0000;\"><strong>GRATUIT<br \/><\/strong><\/span><br \/><span style=\"color: #0000ff;\">Pour les adultes accompagnants.<br \/><\/span><\/div><div class='clear'><\/div><div class='encarttarif'><span style=\"text-decoration: underline; color: #ff0000;\"><strong>ANNIVERSAIRE<br \/><\/strong><\/span><br \/><span style=\"color: #0000ff;\">1. Cliquez pour consulter<\/span><br \/><a href=\"https:\/\/www.ile-aux-jeux-soft.com\/soft4\/anniv_formules.php?varParc=LesSables\" target=\"_blank\" rel=\"noopener noreferrer\"><span style=\"color: #ff0000;\"><strong><span style=\"text-decoration: underline;\">nos formules<\/span><\/strong><\/span> <span style=\"color: #0000ff;\">et r\u00e9server !<\/span><\/a><br \/><span style=\"color: #0000ff;\">2.<\/span> <span style=\"text-decoration: underline; color: #ff0000;\"><strong><a style=\"color: #ff0000; text-decoration: underline;\" href=\"http:\/\/www.ile-aux-jeux.com\/wp-content\/uploads\/2015\/08\/invit-lessables.pdf\" target=\"_blank\" rel=\"noopener noreferrer\">Imprimez vos invitations.<\/a><\/strong><\/span><\/div><div class='encarttarif'><span style=\"text-decoration: underline; color: #ff0000;\"><strong>TARIFS GROUPE<\/strong><\/span><br \/><span style=\"color: #0000ff;\">(\u00e9cole, centre de loisirs&#8230;)<\/span><\/p><p><span style=\"color: #0000ff;\">1. Cliquez pour consulter <\/span><span style=\"color: #ff0000;\"><strong><a style=\"color: #ff0000;\" href=\"https:\/\/www.ile-aux-jeux-soft.com\/soft4\/contactresa_lessables.php\" target=\"_blank\" rel=\"noopener noreferrer\">les tarifs<\/a><\/strong><\/span><span style=\"color: #0000ff;\">.<\/span><br \/><span style=\"color: #0000ff;\">2.Contactez-nous pour les dates disponibles au :<\/span><span style=\"color: #ff0000;\">02 51 01 11 72<\/span><\/div><div class='encarttarif'><span style=\"text-decoration: underline; color: #ff0000;\"><b><a style=\"color: #ff0000; text-decoration: underline;\" href=\"https:\/\/www.ile-aux-jeux-soft.com\/soft4\/contactresasalle_lessables.php\" target=\"_blank\" rel=\"noopener noreferrer\">RESERVATION DE SALLE \u00a0ICI<\/a><\/b><\/span><br \/><span style=\"color: #0000ff;\">(C.E, arbre de No\u00ebl, d\u00e9part en retraite, association, f\u00eate de famille..)\u00a0Contactez-nous au :<\/span><br \/><span style=\"color: #ff0000;\">06 58 91 92 63<\/span><\/div><div class='clear'><\/div><p><div class='encarttarif'><span style=\"text-decoration: underline; color: #ff0000;\"><strong>HORAIRES<br \/><\/strong><\/span><\/p><p><span style=\"color: #0000ff;\">Ouverture tous les Mercredis, Samedis, Dimanches et Jours f\u00e9ri\u00e9s. Ouvert tous les jours \u00a0pendant toutes les Vacances Scolaires des trois zones A, B et C.<\/span><\/p><p><span style=\"color: #0000ff;\">De 10h \u00e0 12h30 et de 14h \u00e0 18h30. \u00a0<\/span><\/p><p><span style=\"color: #0000ff;\">Ferm\u00e9 le 25 d\u00e9cembre et le 1er Janvier ainsi que les dimanches d&rsquo;\u00e9t\u00e9, sauf s&rsquo;il pleut. <\/span><\/p><p><span style=\"color: #0000ff;\">Pour les jours de fermeture exceptionnelle, merci de consulter<span style=\"color: #0000ff; font-family: var( --e-global-typography-text-font-family ), Sans-serif; font-weight: var( --e-global-typography-text-font-weight );\">\u00a0nos pages Facebook, Google ou site internet.<\/span><\/span><span style=\"color: #0000ff; font-family: var( --e-global-typography-text-font-family ), Sans-serif; font-weight: var( --e-global-typography-text-font-weight );\"><\/div><\/span><\/p><div class='encarttarif'><span style=\"text-decoration: underline; color: #ff0000;\"><strong>MODE PAIEMENT<\/strong><\/span><\/p><p><span style=\"color: #0000ff;\">CB, ANCV, ESPECES.<\/span><\/p><p><\/div>\t\t\t\t\t\t\t\t<\/div>\n\t\t\t\t<\/div>\n\t\t\t\t\t<\/div>\n\t\t<\/div>\n\t\t\t\t\t<\/div>\n\t\t<\/section>\n\t\t\t\t<section class=\"elementor-section elementor-top-section elementor-element elementor-element-7d7853a elementor-section-boxed elementor-section-height-default elementor-section-height-default\" data-id=\"7d7853a\" data-element_type=\"section\" data-e-type=\"section\">\n\t\t\t\t\t\t<div class=\"elementor-container elementor-column-gap-default\">\n\t\t\t\t\t<div class=\"elementor-column elementor-col-100 elementor-top-column elementor-element elementor-element-abe930c\" data-id=\"abe930c\" data-element_type=\"column\" data-e-type=\"column\">\n\t\t\t<div class=\"elementor-widget-wrap elementor-element-populated\">\n\t\t\t\t\t\t<div class=\"elementor-element elementor-element-4911a0a elementor-widget elementor-widget-text-editor\" data-id=\"4911a0a\" data-element_type=\"widget\" data-e-type=\"widget\" data-widget_type=\"text-editor.default\">\n\t\t\t\t<div class=\"elementor-widget-container\">\n\t\t\t\t\t\t\t\t\t<p>Lorem ipsum dolor sit amet, consectetur adipiscing elit. Ut elit tellus, luctus nec ullamcorper mattis, pulvinar dapibus leo.<\/p>\t\t\t\t\t\t\t\t<\/div>\n\t\t\t\t<\/div>\n\t\t\t\t\t<\/div>\n\t\t<\/div>\n\t\t\t\t\t<\/div>\n\t\t<\/section>\n\t\t\t\t<\/div>\n\t\t","protected":false},"excerpt":{"rendered":"<p>Lorem ipsum dolor sit amet, consectetur adipiscing elit. Ut elit tellus, luctus [&hellip;]<\/p>\n","protected":false},"author":1,"featured_media":0,"parent":0,"menu_order":0,"comment_status":"open","ping_status":"open","template":"parc-herbiers-1col.php","meta":{"footnotes":""},"class_list":["post-19","page","type-page","status-publish","hentry"],"_links":{"self":[{"href":"https:\/\/www.ile-aux-jeux.com\/index.php\/wp-json\/wp\/v2\/pages\/19","targetHints":{"allow":["GET"]}}],"collection":[{"href":"https:\/\/www.ile-aux-jeux.com\/index.php\/wp-json\/wp\/v2\/pages"}],"about":[{"href":"https:\/\/www.ile-aux-jeux.com\/index.php\/wp-json\/wp\/v2\/types\/page"}],"author":[{"embeddable":true,"href":"https:\/\/www.ile-aux-jeux.com\/index.php\/wp-json\/wp\/v2\/users\/1"}],"replies":[{"embeddable":true,"href":"https:\/\/www.ile-aux-jeux.com\/index.php\/wp-json\/wp\/v2\/comments?post=19"}],"version-history":[{"count":94,"href":"https:\/\/www.ile-aux-jeux.com\/index.php\/wp-json\/wp\/v2\/pages\/19\/revisions"}],"predecessor-version":[{"id":3689,"href":"https:\/\/www.ile-aux-jeux.com\/index.php\/wp-json\/wp\/v2\/pages\/19\/revisions\/3689"}],"wp:attachment":[{"href":"https:\/\/www.ile-aux-jeux.com\/index.php\/wp-json\/wp\/v2\/media?parent=19"}],"curies":[{"name":"wp","href":"https:\/\/api.w.org\/{rel}","templated":true}]}}