{"id":22,"date":"2015-08-12T13:42:14","date_gmt":"2015-08-12T12:42:14","guid":{"rendered":"https:\/\/www.ile-aux-jeux.com\/?page_id=22"},"modified":"2023-08-06T14:43:52","modified_gmt":"2023-08-06T13:43:52","slug":"le-parc-2","status":"publish","type":"page","link":"https:\/\/www.ile-aux-jeux.com\/","title":{"rendered":"Accueil"},"content":{"rendered":"\t\t<div data-elementor-type=\"wp-page\" data-elementor-id=\"22\" class=\"elementor elementor-22\">\n\t\t\t\t\t\t<section class=\"elementor-section elementor-top-section elementor-element elementor-element-3229c4ed elementor-section-boxed elementor-section-height-default elementor-section-height-default\" data-id=\"3229c4ed\" data-element_type=\"section\" data-e-type=\"section\">\n\t\t\t\t\t\t<div class=\"elementor-container elementor-column-gap-default\">\n\t\t\t\t\t<div class=\"elementor-column elementor-col-100 elementor-top-column elementor-element elementor-element-4b002641\" data-id=\"4b002641\" data-element_type=\"column\" data-e-type=\"column\">\n\t\t\t<div class=\"elementor-widget-wrap elementor-element-populated\">\n\t\t\t\t\t\t<div class=\"elementor-element elementor-element-4dc57647 elementor-invisible elementor-widget elementor-widget-text-editor\" data-id=\"4dc57647\" data-element_type=\"widget\" data-e-type=\"widget\" data-settings=\"{&quot;_animation&quot;:&quot;slideInDown&quot;}\" data-widget_type=\"text-editor.default\">\n\t\t\t\t<div class=\"elementor-widget-container\">\n\t\t\t\t\t\t\t\t\t<h2>2 parcs de loisirs couverts pour enfants ouvert toute l&rsquo;ann\u00e9e ! Franchise Vend\u00e9enne depuis 2008.<\/h2><div id=\"metaslider-id-106\" style=\"max-width: 990px;\" class=\"ml-slider-3-109-0 ml-slider-pro-2-57-0 metaslider metaslider-flex metaslider-106 ml-slider has-dots-nav ms-theme-default\" role=\"region\" aria-label=\"Diaporama Accueil\" data-height=\"400\" data-width=\"990\">\n    <div id=\"metaslider_container_106\">\n        <div id=\"metaslider_106\">\n            <ul class='slides'>\n                <li style=\"display: block; width: 100%;\" class=\"slide-3486 ms-image \" aria-roledescription=\"slide\" data-date=\"2023-02-27 15:47:16\" data-filename=\"Ile-aux-Jeux-Challans-3-990x400.jpg\" data-slide-type=\"image\"><img fetchpriority=\"high\" decoding=\"async\" src=\"https:\/\/www.ile-aux-jeux.com\/wp-content\/uploads\/2023\/02\/Ile-aux-Jeux-Challans-3-990x400.jpg\" height=\"400\" width=\"990\" alt=\"\" class=\"slider-106 slide-3486 msDefaultImage\" \/><\/li>\n                <li class=\"slide-1772 ms-youtube \" style=\"display: none; width: 100%;\" data-slide-type=\"youtube\" data-date=\"2020-02-09 18:11:14\" data-filename=\"youtube_Uoxm626sdWM-1.jpg\"><div style=\"position:relative;padding-bottom:40.40404040404%;height:0\" class=\"youtube\" data-id=\"Uoxm626sdWM\" data-start=\"0\" data-auto-play=\"1\" data-mute=\"1\" data-show-controls=\"1\" data-show-related=\"0\" data-theme=\"dark\" data-color=\"red\" data-lazy-load=\"1\"><img decoding=\"async\" src=\"https:\/\/www.ile-aux-jeux.com\/wp-content\/uploads\/2020\/02\/youtube_Uoxm626sdWM-1-480x193.jpg\" alt=\"L&#039;ile aux Jeux \u00e0 Challans, c&#039;est g\u00e9nial pour les enfants !\" class=\"msDefaultImage\" height=\"400\" width=\"990\" \/><span class='play_button'><a tabindex='0' role='button' id='toggle'><img width='75' src='https:\/\/www.ile-aux-jeux.com\/wp-content\/plugins\/ml-slider-pro\/modules\/youtube\/assets\/yt-play-red.png'><\/a><\/span><\/div><\/li>\n                <li style=\"display: none; width: 100%;\" class=\"slide-3488 ms-image \" aria-roledescription=\"slide\" data-date=\"2023-02-27 15:50:02\" data-filename=\"Ile-aux-Jeux-Les-Sables-2-990x400.jpg\" data-slide-type=\"image\"><img decoding=\"async\" src=\"https:\/\/www.ile-aux-jeux.com\/wp-content\/uploads\/2023\/02\/Ile-aux-Jeux-Les-Sables-2-990x400.jpg\" height=\"400\" width=\"990\" alt=\"\" class=\"slider-106 slide-3488 msDefaultImage\" \/><\/li>\n                <li class=\"slide-1774 ms-youtube \" style=\"display: none; width: 100%;\" data-slide-type=\"youtube\" data-date=\"2020-02-09 18:13:46\" data-filename=\"youtube_Bq2ApDvSg2k-2.jpg\"><div style=\"position:relative;padding-bottom:40.40404040404%;height:0\" class=\"youtube\" data-id=\"Bq2ApDvSg2k\" data-start=\"0\" data-auto-play=\"1\" data-mute=\"1\" data-show-controls=\"1\" data-show-related=\"0\" data-theme=\"dark\" data-color=\"red\" data-lazy-load=\"1\"><img loading=\"lazy\" decoding=\"async\" src=\"https:\/\/www.ile-aux-jeux.com\/wp-content\/uploads\/2020\/02\/youtube_Bq2ApDvSg2k-2-480x193.jpg\" alt=\"Un nouveau parc ?! \ud83d\ude31 Bienvenue \u00e0 L&#039;Ile Aux Jeux aux Sables d&#039;Olonne !\" class=\"msDefaultImage\" height=\"400\" width=\"990\" \/><span class='play_button'><a tabindex='0' role='button' id='toggle'><img width='75' src='https:\/\/www.ile-aux-jeux.com\/wp-content\/plugins\/ml-slider-pro\/modules\/youtube\/assets\/yt-play-red.png'><\/a><\/span><\/div><\/li>\n            <\/ul>\n        <\/div>\n        \n    <\/div>\n<\/div>\t\t\t\t\t\t\t\t<\/div>\n\t\t\t\t<\/div>\n\t\t\t\t\t<\/div>\n\t\t<\/div>\n\t\t\t\t\t<\/div>\n\t\t<\/section>\n\t\t\t\t<section class=\"elementor-section elementor-top-section elementor-element elementor-element-6a8d7ca elementor-section-boxed elementor-section-height-default elementor-section-height-default\" data-id=\"6a8d7ca\" data-element_type=\"section\" data-e-type=\"section\">\n\t\t\t\t\t\t<div class=\"elementor-container elementor-column-gap-default\">\n\t\t\t\t\t<div class=\"elementor-column elementor-col-100 elementor-top-column elementor-element elementor-element-80d77c2\" data-id=\"80d77c2\" data-element_type=\"column\" data-e-type=\"column\">\n\t\t\t<div class=\"elementor-widget-wrap elementor-element-populated\">\n\t\t\t\t\t\t<div class=\"elementor-element elementor-element-a168c25 elementor-widget elementor-widget-text-editor\" data-id=\"a168c25\" data-element_type=\"widget\" data-e-type=\"widget\" data-widget_type=\"text-editor.default\">\n\t\t\t\t<div class=\"elementor-widget-container\">\n\t\t\t\t\t\t\t\t\t<h2>L\u2019Ile aux Jeux, c\u2019est bien plus\u00a0qu\u2019un parc de loisirs couvert, c\u2019est un concept !<\/h2><p>Attentifs \u00e0 l\u2019\u00e9veil et au d\u00e9veloppement des enfants, nous accordons aussi une grande importance \u00e0 leur plaisir, car c\u2019est en jouant qu\u2019on apprend !\u00a0Chaque parc a pour but de procurer un bon moment en famille\u00a0ou entre amis, \u00e0 travers des jeux, une mascotte\u00a0et une \u00e9quipe chaleureuse.<\/p><p><strong>Cette activit\u00e9 vous int\u00e9resse ?\u00a0<\/strong><\/p><p>Vous avez une \u00e2me d\u2019entrepreneur, vous souhaitez\u00a0ouvrir votre parc et devenir un professionnel du loisir ?<\/p><p>Rejoignez notre r\u00e9seau, devenons partenaires !\u00a0Une opportunit\u00e9 \u00e0 saisir, pour donner un nouvel \u00e9lan\u00a0\u00e0 votre parcours professionnel.<\/p><p>Pour obtenir le dossier de candidature : Jean-Jacques SAUDA, cr\u00e9ateur et g\u00e9rant : 06 20 21 14 43 ou cliquez ici pour nous contacter <a href=\"https:\/\/www.ile-aux-jeux.com\/index.php\/contactez-nous-general\/\"><span style=\"text-decoration: underline;\">par mail<\/span> .<\/a><\/p>\t\t\t\t\t\t\t\t<\/div>\n\t\t\t\t<\/div>\n\t\t\t\t\t<\/div>\n\t\t<\/div>\n\t\t\t\t\t<\/div>\n\t\t<\/section>\n\t\t\t\t<\/div>\n\t\t","protected":false},"excerpt":{"rendered":"<p>2 parcs de loisirs couverts pour enfants ouvert toute l&rsquo;ann\u00e9e ! Franchise [&hellip;]<\/p>\n","protected":false},"author":1,"featured_media":1971,"parent":0,"menu_order":0,"comment_status":"open","ping_status":"closed","template":"","meta":{"footnotes":""},"class_list":["post-22","page","type-page","status-publish","has-post-thumbnail","hentry"],"_links":{"self":[{"href":"https:\/\/www.ile-aux-jeux.com\/index.php\/wp-json\/wp\/v2\/pages\/22","targetHints":{"allow":["GET"]}}],"collection":[{"href":"https:\/\/www.ile-aux-jeux.com\/index.php\/wp-json\/wp\/v2\/pages"}],"about":[{"href":"https:\/\/www.ile-aux-jeux.com\/index.php\/wp-json\/wp\/v2\/types\/page"}],"author":[{"embeddable":true,"href":"https:\/\/www.ile-aux-jeux.com\/index.php\/wp-json\/wp\/v2\/users\/1"}],"replies":[{"embeddable":true,"href":"https:\/\/www.ile-aux-jeux.com\/index.php\/wp-json\/wp\/v2\/comments?post=22"}],"version-history":[{"count":35,"href":"https:\/\/www.ile-aux-jeux.com\/index.php\/wp-json\/wp\/v2\/pages\/22\/revisions"}],"predecessor-version":[{"id":3543,"href":"https:\/\/www.ile-aux-jeux.com\/index.php\/wp-json\/wp\/v2\/pages\/22\/revisions\/3543"}],"wp:featuredmedia":[{"embeddable":true,"href":"https:\/\/www.ile-aux-jeux.com\/index.php\/wp-json\/wp\/v2\/media\/1971"}],"wp:attachment":[{"href":"https:\/\/www.ile-aux-jeux.com\/index.php\/wp-json\/wp\/v2\/media?parent=22"}],"curies":[{"name":"wp","href":"https:\/\/api.w.org\/{rel}","templated":true}]}}