{"id":293,"date":"2015-08-26T15:22:50","date_gmt":"2015-08-26T14:22:50","guid":{"rendered":"https:\/\/www.ile-aux-jeux.com\/?page_id=293"},"modified":"2015-09-08T13:40:11","modified_gmt":"2015-09-08T12:40:11","slug":"reglement-des-petites-annonces","status":"publish","type":"page","link":"https:\/\/www.ile-aux-jeux.com\/index.php\/reglement-des-petites-annonces\/","title":{"rendered":"R\u00e8glement des petites annonces"},"content":{"rendered":"<h2>R\u00e8glement du d\u00e9p\u00f4t des annonces sur l\u2019Ile aux Jeux<\/h2>\n<p>Le d\u00e9p\u00f4t d\u2019une annonce sur le site de l\u2019Ile aux Jeux implique de votre part l\u2019acceptation du r\u00e8glement ci-dessous. Toute annonce non conforme \u00e0 ce dernier pourra se voir refuser d\u2019\u00eatre publi\u00e9e sur le site.<\/p>\n<h3><strong>Dur\u00e9e du d\u00e9p\u00f4t<\/strong><\/h3>\n<p>Les annonces sont publi\u00e9es pendant une dur\u00e9e d\u2019un mois. Pass\u00e9 ce d\u00e9lai elles sont retir\u00e9es du site.<\/p>\n<h3><strong>Petites annonces<\/strong><\/h3>\n<p>L\u2019Ile aux Jeux permet de la publication d\u2019annonces gratuite pour les particuliers sur son site concernant uniquement le monde de l\u2019enfance. C\u2019est-\u00e0-dire la vente, le don ou l\u2019\u00e9change de mat\u00e9riel, d\u2019habillement ou de jouets,\u00a0des services (garde, r\u00e9union d\u2019assistantes maternelles\u2026).<\/p>\n<h3><strong>Responsabilit\u00e9<\/strong><\/h3>\n<p>L\u2019Ile aux Jeux d\u00e9cline toutes responsabilit\u00e9s concernant la qualit\u00e9 des services propos\u00e9s par les annonceurs, ainsi que l\u2019\u00e9tat du mat\u00e9riel vendu ou \u00e9chang\u00e9. Ces derniers sont la responsabilit\u00e9 des annonceurs.<\/p>\n<h3><strong>Donn\u00e9es personnelles et r\u00e9ponses aux annonces<\/strong><\/h3>\n<p>Lors du d\u00e9p\u00f4t de l\u2019annonce, il est demand\u00e9 la permission de publier avec le texte de l\u2019annonce le num\u00e9ro de t\u00e9l\u00e9phone et\/ou l\u2019email, afin de permettre aux personnes int\u00e9ress\u00e9es de r\u00e9pondre \u00e0 l\u2019annonce. Ces donn\u00e9es sont supprim\u00e9es du site sur demande de l\u2019annonceur, conform\u00e9ment \u00e0 la loi informatiques et libert\u00e9s, et lors de la fin de publication de l\u2019annonce.<\/p>\n<h3><strong>Publication<\/strong><\/h3>\n<p>L\u2019Ile aux Jeux se r\u00e9serve le droit de refuser toute publication d\u2019annonces non conforme au r\u00e8glement.<\/p>\n<h3>Annonces pour les professionnels<\/h3>\n<p>Nous contacter au : <span class=\"sstitrebleu\"> 06 20 21 14 43<\/span><\/p>\n<div class=\"button-pink1 clear\"><a href=\"https:\/\/www.ile-aux-jeux.com\/index.php\/category\/annonces\/\">RETOUR AUX ANNONCES<\/a><\/div>\n","protected":false},"excerpt":{"rendered":"<p>R\u00e8glement du d\u00e9p\u00f4t des annonces sur l\u2019Ile aux Jeux Le d\u00e9p\u00f4t d\u2019une [&hellip;]<\/p>\n","protected":false},"author":1,"featured_media":0,"parent":0,"menu_order":0,"comment_status":"closed","ping_status":"closed","template":"","meta":{"footnotes":""},"class_list":["post-293","page","type-page","status-publish","hentry"],"_links":{"self":[{"href":"https:\/\/www.ile-aux-jeux.com\/index.php\/wp-json\/wp\/v2\/pages\/293","targetHints":{"allow":["GET"]}}],"collection":[{"href":"https:\/\/www.ile-aux-jeux.com\/index.php\/wp-json\/wp\/v2\/pages"}],"about":[{"href":"https:\/\/www.ile-aux-jeux.com\/index.php\/wp-json\/wp\/v2\/types\/page"}],"author":[{"embeddable":true,"href":"https:\/\/www.ile-aux-jeux.com\/index.php\/wp-json\/wp\/v2\/users\/1"}],"replies":[{"embeddable":true,"href":"https:\/\/www.ile-aux-jeux.com\/index.php\/wp-json\/wp\/v2\/comments?post=293"}],"version-history":[{"count":12,"href":"https:\/\/www.ile-aux-jeux.com\/index.php\/wp-json\/wp\/v2\/pages\/293\/revisions"}],"predecessor-version":[{"id":433,"href":"https:\/\/www.ile-aux-jeux.com\/index.php\/wp-json\/wp\/v2\/pages\/293\/revisions\/433"}],"wp:attachment":[{"href":"https:\/\/www.ile-aux-jeux.com\/index.php\/wp-json\/wp\/v2\/media?parent=293"}],"curies":[{"name":"wp","href":"https:\/\/api.w.org\/{rel}","templated":true}]}}